{"id":2212,"date":"2025-01-17T10:09:10","date_gmt":"2025-01-17T09:09:10","guid":{"rendered":"https:\/\/www.casaplaya.fr\/?page_id=2212"},"modified":"2025-01-17T10:12:49","modified_gmt":"2025-01-17T09:12:49","slug":"disponibilidad-y-precios","status":"publish","type":"page","link":"https:\/\/www.casaplaya.fr\/es\/disponibilidad-y-precios\/","title":{"rendered":"Disponibilidad y Precios"},"content":{"rendered":"<div class=\"wpb-content-wrapper\"><p>[vc_section][vc_row][vc_column width=\u00bb1\/2&#8243;][vc_column_text el_class=\u00bbchapo\u00bb]<\/p>\n<h2>Disponibilidad<\/h2>\n<p>[\/vc_column_text][vc_raw_html]JTNDaWZyYW1lJTIwc3JjJTNEJTIyaHR0cHMlM0ElMkYlMkZjYWxlbmRhci5nb29nbGUuY29tJTJGY2FsZW5kYXIlMkZlbWJlZCUzRmhlaWdodCUzRDYwMCUyNndrc3QlM0QyJTI2Ymdjb2xvciUzRCUyNTIzZmZmZmZmJTI2Y3R6JTNERXVyb3BlJTI1MkZQYXJpcyUyNnNob3dDYWxlbmRhcnMlM0QwJTI2c2hvd1RhYnMlM0QwJTI2c2hvd1ByaW50JTNEMCUyNnNob3dUaXRsZSUzRDAlMjZzcmMlM0RPSEJxWkcweWJUZHhjREZxYkRscE1tSmpjV1V4WnprMFpYWnNablJqYlhWQWFXMXdiM0owTG1OaGJHVnVaR0Z5TG1kdmIyZHNaUzVqYjIwJTI2Y29sb3IlM0QlMjUyM0YwOTMwMCUyMiUyMHN0eWxlJTNEJTIyYm9yZGVyJTNBc29saWQlMjAxcHglMjAlMjM3NzclMjIlMjB3aWR0aCUzRCUyMjU1MCUyMiUyMGhlaWdodCUzRCUyMjQwMCUyMiUyMGZyYW1lYm9yZGVyJTNEJTIyMCUyMiUyMHNjcm9sbGluZyUzRCUyMm5vJTIyJTNFJTNDJTJGaWZyYW1lJTNF[\/vc_raw_html][\/vc_column][vc_column width=\u00bb1\/2&#8243;][vc_column_text el_class=\u00bbchapo\u00bb]<\/p>\n<h2>Precios<\/h2>\n<p>[\/vc_column_text][vc_column_text]<\/p>\n<table>\n<tbody>\n<tr>\n<td>Baja<br \/>\n01 Noviembre &#8211; 31 Marcio<\/td>\n<td class=\"price\">1510\u20ac \/ semana<\/td>\n<\/tr>\n<tr>\n<td>Promedio<br \/>\n01 Abril &#8211; 31 Mayo<br \/>\n01 Octubre &#8211; 31 Octubre<\/td>\n<td class=\"price\">2590\u20ac \/ semana<\/td>\n<\/tr>\n<tr>\n<td>Alta<br \/>\n01 Junio &#8211; 30 Junio<br \/>\n01 Septiembre &#8211; 30 Septiembre<\/td>\n<td class=\"price\">2950\u20ac \/ semana<br \/>\nPiscina climatizada<\/td>\n<\/tr>\n<tr>\n<td>Super alta<br \/>\n01 Julio &#8211; 31 Augusto<\/td>\n<td class=\"price\">3490 \u20ac \/ semana<br \/>\nPiscina climatizada<\/td>\n<\/tr>\n<\/tbody>\n<\/table>\n<p>[\/vc_column_text]<div class=\" ubtn-ctn-center \"><a class=\"ubtn-link ult-adjust-bottom-margin ubtn-center ubtn-normal \" href=\"https:\/\/www.casaplaya.fr\/contact\/\" title=\"Contact\" ><button type=\"button\" id=\"ubtn-2312\"  class=\"ubtn ult-adjust-bottom-margin ult-responsive ubtn-normal ubtn-no-hover-bg  none  ubtn-center   tooltip-69ef709d28dfc\"  data-hover=\"\" data-border-color=\"\" data-bg=\"#0074bf\" data-hover-bg=\"\" data-border-hover=\"\" data-shadow-hover=\"\" data-shadow-click=\"none\" data-shadow=\"\" data-shd-shadow=\"\"  data-ultimate-target='#ubtn-2312'  data-responsive-json-new='{\"font-size\":\"\",\"line-height\":\"\"}'  style=\"font-weight:normal;border:none;background: #0074bf;color: #ffffff;\"><span class=\"ubtn-hover\" style=\"background-color:\"><\/span><span class=\"ubtn-data ubtn-text \" >Nous Contacter<\/span><\/button><\/a><\/div>[\/vc_column][\/vc_row][vc_row][vc_column][vc_column_text]\u00a0Casa Playa es una villa en alquiler para 8 personas.<\/p>\n<p>Este no es un hotel, por lo que no tenemos una tarifa est\u00e1ndar por n\u00famero de hu\u00e9spedes ni por habitaci\u00f3n.<\/p>\n<p>[\/vc_column_text][vc_column_text css=\u00bb\u00bb] La villa tiene capacidad para 8 personas (tres habitaciones y dos ba\u00f1os). Ropa de cama y ba\u00f1o incluida.<\/p>\n<p>Aparcamiento en el establecimiento y wifi gratuito. Gastos de limpieza 250\u20ac (ropa de cama y ba\u00f1o incluida).<\/p>\n<p>Se aceptan animales, gratuita (a comunicar al propietario).<\/p>\n<p><strong>Para reservas y m\u00e1s informaci\u00f3n contactase nos <\/strong><strong>+33 (0)4 73 90 19 90.<\/strong>[\/vc_column_text]<div class=\" ubtn-ctn-left \"><a class=\"ubtn-link ult-adjust-bottom-margin ubtn-left ubtn-normal \" href=\"https:\/\/www.casaplaya.fr\/contact\/\" title=\"Contact\" ><button type=\"button\" id=\"ubtn-9748\"  class=\"ubtn ult-adjust-bottom-margin ult-responsive ubtn-normal ubtn-no-hover-bg  none  ubtn-left   tooltip-69ef709d28e95\"  data-hover=\"\" data-border-color=\"\" data-bg=\"#0074bf\" data-hover-bg=\"\" data-border-hover=\"\" data-shadow-hover=\"\" data-shadow-click=\"none\" data-shadow=\"\" data-shd-shadow=\"\"  data-ultimate-target='#ubtn-9748'  data-responsive-json-new='{\"font-size\":\"\",\"line-height\":\"\"}'  style=\"font-weight:normal;border:none;background: #0074bf;color: #ffffff;\"><span class=\"ubtn-hover\" style=\"background-color:\"><\/span><span class=\"ubtn-data ubtn-text \" >Nous Contacter<\/span><\/button><\/a><\/div>[\/vc_column][\/vc_row][\/vc_section]<\/p>\n<\/div>","protected":false},"excerpt":{"rendered":"<p>[vc_section][vc_row][vc_column width=\u00bb1\/2&#8243;][vc_column_text el_class=\u00bbchapo\u00bb] Disponibilidad [\/vc_column_text][vc_raw_html]JTNDaWZyYW1lJTIwc3JjJTNEJTIyaHR0cHMlM0ElMkYlMkZjYWxlbmRhci5nb29nbGUuY29tJTJGY2FsZW5kYXIlMkZlbWJlZCUzRmhlaWdodCUzRDYwMCUyNndrc3QlM0QyJTI2Ymdjb2xvciUzRCUyNTIzZmZmZmZmJTI2Y3R6JTNERXVyb3BlJTI1MkZQYXJpcyUyNnNob3dDYWxlbmRhcnMlM0QwJTI2c2hvd1RhYnMlM0QwJTI2c2hvd1ByaW50JTNEMCUyNnNob3dUaXRsZSUzRDAlMjZzcmMlM0RPSEJxWkcweWJUZHhjREZxYkRscE1tSmpjV1V4WnprMFpYWnNablJqYlhWQWFXMXdiM0owTG1OaGJHVnVaR0Z5TG1kdmIyZHNaUzVqYjIwJTI2Y29sb3IlM0QlMjUyM0YwOTMwMCUyMiUyMHN0eWxlJTNEJTIyYm9yZGVyJTNBc29saWQlMjAxcHglMjAlMjM3NzclMjIlMjB3aWR0aCUzRCUyMjU1MCUyMiUyMGhlaWdodCUzRCUyMjQwMCUyMiUyMGZyYW1lYm9yZGVyJTNEJTIyMCUyMiUyMHNjcm9sbGluZyUzRCUyMm5vJTIyJTNFJTNDJTJGaWZyYW1lJTNF[\/vc_raw_html][\/vc_column][vc_column width=\u00bb1\/2&#8243;][vc_column_text el_class=\u00bbchapo\u00bb] Precios [\/vc_column_text][vc_column_text] Baja 01 Noviembre &#8211; 31 Marcio 1510\u20ac \/ semana Promedio 01 Abril &#8211; 31 Mayo 01 Octubre &#8211; 31 Octubre 2590\u20ac&#8230;<\/p>\n","protected":false},"author":6,"featured_media":0,"parent":0,"menu_order":0,"comment_status":"closed","ping_status":"closed","template":"","meta":{"footnotes":""},"class_list":["post-2212","page","type-page","status-publish","hentry"],"yoast_head":"<!-- This site is optimized with the Yoast SEO plugin v26.9 - https:\/\/yoast.com\/product\/yoast-seo-wordpress\/ -->\n<title>Disponibilidad y Precios - Casa Playa Begur<\/title>\n<meta name=\"robots\" content=\"index, follow, max-snippet:-1, max-image-preview:large, max-video-preview:-1\" \/>\n<link rel=\"canonical\" href=\"https:\/\/www.casaplaya.fr\/es\/disponibilidad-y-precios\/\" \/>\n<meta property=\"og:locale\" content=\"es_ES\" \/>\n<meta property=\"og:type\" content=\"article\" \/>\n<meta property=\"og:title\" content=\"Disponibilidad y Precios - Casa Playa Begur\" \/>\n<meta property=\"og:description\" content=\"[vc_section][vc_row][vc_column width=\u00bb1\/2&#8243;][vc_column_text el_class=\u00bbchapo\u00bb] Disponibilidad [\/vc_column_text][vc_raw_html]JTNDaWZyYW1lJTIwc3JjJTNEJTIyaHR0cHMlM0ElMkYlMkZjYWxlbmRhci5nb29nbGUuY29tJTJGY2FsZW5kYXIlMkZlbWJlZCUzRmhlaWdodCUzRDYwMCUyNndrc3QlM0QyJTI2Ymdjb2xvciUzRCUyNTIzZmZmZmZmJTI2Y3R6JTNERXVyb3BlJTI1MkZQYXJpcyUyNnNob3dDYWxlbmRhcnMlM0QwJTI2c2hvd1RhYnMlM0QwJTI2c2hvd1ByaW50JTNEMCUyNnNob3dUaXRsZSUzRDAlMjZzcmMlM0RPSEJxWkcweWJUZHhjREZxYkRscE1tSmpjV1V4WnprMFpYWnNablJqYlhWQWFXMXdiM0owTG1OaGJHVnVaR0Z5TG1kdmIyZHNaUzVqYjIwJTI2Y29sb3IlM0QlMjUyM0YwOTMwMCUyMiUyMHN0eWxlJTNEJTIyYm9yZGVyJTNBc29saWQlMjAxcHglMjAlMjM3NzclMjIlMjB3aWR0aCUzRCUyMjU1MCUyMiUyMGhlaWdodCUzRCUyMjQwMCUyMiUyMGZyYW1lYm9yZGVyJTNEJTIyMCUyMiUyMHNjcm9sbGluZyUzRCUyMm5vJTIyJTNFJTNDJTJGaWZyYW1lJTNF[\/vc_raw_html][\/vc_column][vc_column width=\u00bb1\/2&#8243;][vc_column_text el_class=\u00bbchapo\u00bb] Precios [\/vc_column_text][vc_column_text] Baja 01 Noviembre &#8211; 31 Marcio 1510\u20ac \/ semana Promedio 01 Abril &#8211; 31 Mayo 01 Octubre &#8211; 31 Octubre 2590\u20ac...\" \/>\n<meta property=\"og:url\" content=\"https:\/\/www.casaplaya.fr\/es\/disponibilidad-y-precios\/\" \/>\n<meta property=\"og:site_name\" content=\"Casa Playa Begur\" \/>\n<meta property=\"article:publisher\" content=\"https:\/\/www.facebook.com\/casaplayabegur\/\" \/>\n<meta property=\"article:modified_time\" content=\"2025-01-17T09:12:49+00:00\" \/>\n<meta property=\"og:image\" content=\"https:\/\/www.casaplaya.fr\/wp-content\/uploads\/2019\/02\/logo-casa-playa-pals-footer.png\" \/>\n\t<meta property=\"og:image:width\" content=\"300\" \/>\n\t<meta property=\"og:image:height\" content=\"120\" \/>\n\t<meta property=\"og:image:type\" content=\"image\/png\" \/>\n<meta name=\"twitter:card\" content=\"summary_large_image\" \/>\n<meta name=\"twitter:label1\" content=\"Tiempo de lectura\" \/>\n\t<meta name=\"twitter:data1\" content=\"1 minuto\" \/>\n<script type=\"application\/ld+json\" class=\"yoast-schema-graph\">{\"@context\":\"https:\/\/schema.org\",\"@graph\":[{\"@type\":\"WebPage\",\"@id\":\"https:\/\/www.casaplaya.fr\/es\/disponibilidad-y-precios\/\",\"url\":\"https:\/\/www.casaplaya.fr\/es\/disponibilidad-y-precios\/\",\"name\":\"Disponibilidad y Precios - Casa Playa Begur\",\"isPartOf\":{\"@id\":\"https:\/\/www.casaplaya.fr\/#website\"},\"datePublished\":\"2025-01-17T09:09:10+00:00\",\"dateModified\":\"2025-01-17T09:12:49+00:00\",\"breadcrumb\":{\"@id\":\"https:\/\/www.casaplaya.fr\/es\/disponibilidad-y-precios\/#breadcrumb\"},\"inLanguage\":\"es\",\"potentialAction\":[{\"@type\":\"ReadAction\",\"target\":[\"https:\/\/www.casaplaya.fr\/es\/disponibilidad-y-precios\/\"]}]},{\"@type\":\"BreadcrumbList\",\"@id\":\"https:\/\/www.casaplaya.fr\/es\/disponibilidad-y-precios\/#breadcrumb\",\"itemListElement\":[{\"@type\":\"ListItem\",\"position\":1,\"name\":\"Accueil\",\"item\":\"https:\/\/www.casaplaya.fr\/es\/\"},{\"@type\":\"ListItem\",\"position\":2,\"name\":\"Disponibilidad y Precios\"}]},{\"@type\":\"WebSite\",\"@id\":\"https:\/\/www.casaplaya.fr\/#website\",\"url\":\"https:\/\/www.casaplaya.fr\/\",\"name\":\"Casa Playa Begur\",\"description\":\"\",\"potentialAction\":[{\"@type\":\"SearchAction\",\"target\":{\"@type\":\"EntryPoint\",\"urlTemplate\":\"https:\/\/www.casaplaya.fr\/?s={search_term_string}\"},\"query-input\":{\"@type\":\"PropertyValueSpecification\",\"valueRequired\":true,\"valueName\":\"search_term_string\"}}],\"inLanguage\":\"es\"}]}<\/script>\n<!-- \/ Yoast SEO plugin. -->","yoast_head_json":{"title":"Disponibilidad y Precios - Casa Playa Begur","robots":{"index":"index","follow":"follow","max-snippet":"max-snippet:-1","max-image-preview":"max-image-preview:large","max-video-preview":"max-video-preview:-1"},"canonical":"https:\/\/www.casaplaya.fr\/es\/disponibilidad-y-precios\/","og_locale":"es_ES","og_type":"article","og_title":"Disponibilidad y Precios - Casa Playa Begur","og_description":"[vc_section][vc_row][vc_column width=\u00bb1\/2&#8243;][vc_column_text el_class=\u00bbchapo\u00bb] Disponibilidad [\/vc_column_text][vc_raw_html]JTNDaWZyYW1lJTIwc3JjJTNEJTIyaHR0cHMlM0ElMkYlMkZjYWxlbmRhci5nb29nbGUuY29tJTJGY2FsZW5kYXIlMkZlbWJlZCUzRmhlaWdodCUzRDYwMCUyNndrc3QlM0QyJTI2Ymdjb2xvciUzRCUyNTIzZmZmZmZmJTI2Y3R6JTNERXVyb3BlJTI1MkZQYXJpcyUyNnNob3dDYWxlbmRhcnMlM0QwJTI2c2hvd1RhYnMlM0QwJTI2c2hvd1ByaW50JTNEMCUyNnNob3dUaXRsZSUzRDAlMjZzcmMlM0RPSEJxWkcweWJUZHhjREZxYkRscE1tSmpjV1V4WnprMFpYWnNablJqYlhWQWFXMXdiM0owTG1OaGJHVnVaR0Z5TG1kdmIyZHNaUzVqYjIwJTI2Y29sb3IlM0QlMjUyM0YwOTMwMCUyMiUyMHN0eWxlJTNEJTIyYm9yZGVyJTNBc29saWQlMjAxcHglMjAlMjM3NzclMjIlMjB3aWR0aCUzRCUyMjU1MCUyMiUyMGhlaWdodCUzRCUyMjQwMCUyMiUyMGZyYW1lYm9yZGVyJTNEJTIyMCUyMiUyMHNjcm9sbGluZyUzRCUyMm5vJTIyJTNFJTNDJTJGaWZyYW1lJTNF[\/vc_raw_html][\/vc_column][vc_column width=\u00bb1\/2&#8243;][vc_column_text el_class=\u00bbchapo\u00bb] Precios [\/vc_column_text][vc_column_text] Baja 01 Noviembre &#8211; 31 Marcio 1510\u20ac \/ semana Promedio 01 Abril &#8211; 31 Mayo 01 Octubre &#8211; 31 Octubre 2590\u20ac...","og_url":"https:\/\/www.casaplaya.fr\/es\/disponibilidad-y-precios\/","og_site_name":"Casa Playa Begur","article_publisher":"https:\/\/www.facebook.com\/casaplayabegur\/","article_modified_time":"2025-01-17T09:12:49+00:00","og_image":[{"width":300,"height":120,"url":"https:\/\/www.casaplaya.fr\/wp-content\/uploads\/2019\/02\/logo-casa-playa-pals-footer.png","type":"image\/png"}],"twitter_card":"summary_large_image","twitter_misc":{"Tiempo de lectura":"1 minuto"},"schema":{"@context":"https:\/\/schema.org","@graph":[{"@type":"WebPage","@id":"https:\/\/www.casaplaya.fr\/es\/disponibilidad-y-precios\/","url":"https:\/\/www.casaplaya.fr\/es\/disponibilidad-y-precios\/","name":"Disponibilidad y Precios - Casa Playa Begur","isPartOf":{"@id":"https:\/\/www.casaplaya.fr\/#website"},"datePublished":"2025-01-17T09:09:10+00:00","dateModified":"2025-01-17T09:12:49+00:00","breadcrumb":{"@id":"https:\/\/www.casaplaya.fr\/es\/disponibilidad-y-precios\/#breadcrumb"},"inLanguage":"es","potentialAction":[{"@type":"ReadAction","target":["https:\/\/www.casaplaya.fr\/es\/disponibilidad-y-precios\/"]}]},{"@type":"BreadcrumbList","@id":"https:\/\/www.casaplaya.fr\/es\/disponibilidad-y-precios\/#breadcrumb","itemListElement":[{"@type":"ListItem","position":1,"name":"Accueil","item":"https:\/\/www.casaplaya.fr\/es\/"},{"@type":"ListItem","position":2,"name":"Disponibilidad y Precios"}]},{"@type":"WebSite","@id":"https:\/\/www.casaplaya.fr\/#website","url":"https:\/\/www.casaplaya.fr\/","name":"Casa Playa Begur","description":"","potentialAction":[{"@type":"SearchAction","target":{"@type":"EntryPoint","urlTemplate":"https:\/\/www.casaplaya.fr\/?s={search_term_string}"},"query-input":{"@type":"PropertyValueSpecification","valueRequired":true,"valueName":"search_term_string"}}],"inLanguage":"es"}]}},"_links":{"self":[{"href":"https:\/\/www.casaplaya.fr\/es\/wp-json\/wp\/v2\/pages\/2212","targetHints":{"allow":["GET"]}}],"collection":[{"href":"https:\/\/www.casaplaya.fr\/es\/wp-json\/wp\/v2\/pages"}],"about":[{"href":"https:\/\/www.casaplaya.fr\/es\/wp-json\/wp\/v2\/types\/page"}],"author":[{"embeddable":true,"href":"https:\/\/www.casaplaya.fr\/es\/wp-json\/wp\/v2\/users\/6"}],"replies":[{"embeddable":true,"href":"https:\/\/www.casaplaya.fr\/es\/wp-json\/wp\/v2\/comments?post=2212"}],"version-history":[{"count":3,"href":"https:\/\/www.casaplaya.fr\/es\/wp-json\/wp\/v2\/pages\/2212\/revisions"}],"predecessor-version":[{"id":2214,"href":"https:\/\/www.casaplaya.fr\/es\/wp-json\/wp\/v2\/pages\/2212\/revisions\/2214"}],"wp:attachment":[{"href":"https:\/\/www.casaplaya.fr\/es\/wp-json\/wp\/v2\/media?parent=2212"}],"curies":[{"name":"wp","href":"https:\/\/api.w.org\/{rel}","templated":true}]}}