{"id":1902,"date":"2019-01-16T16:50:20","date_gmt":"2019-01-16T15:50:20","guid":{"rendered":"https:\/\/www.casaplaya.fr\/la-villa\/"},"modified":"2025-07-13T18:07:49","modified_gmt":"2025-07-13T16:07:49","slug":"la-villa","status":"publish","type":"page","link":"https:\/\/www.casaplaya.fr\/es\/la-villa\/","title":{"rendered":"La Villa Casa Playa"},"content":{"rendered":"<div class=\"wpb-content-wrapper\"><p>[vc_row][vc_column][vc_column_text el_class=\u00bbchapo\u00bb]<\/p>\n<h2>Un vaste s\u00e9jour avec vue sur la mer<\/h2>\n<p>[\/vc_column_text]<div id=\"ult-carousel-87274284269ef6ef9bc61c\" class=\"ult-carousel-wrapper  .home_slider ult_horizontal\" data-gutter=\"15\" data-rtl=\"false\" ><div class=\"ult-carousel-342469435069ef6ef9bc57a \" >[vc_row_inner][vc_column_inner][vc_single_image image=\u00bb1985&#8243; img_size=\u00bblarge\u00bb alignment=\u00bbcenter\u00bb][\/vc_column_inner][\/vc_row_inner][vc_row_inner][vc_column_inner][vc_single_image image=\u00bb1830&#8243; img_size=\u00bblarge\u00bb alignment=\u00bbcenter\u00bb][\/vc_column_inner][\/vc_row_inner][vc_row_inner][vc_column_inner][vc_single_image image=\u00bb1831&#8243; img_size=\u00bblarge\u00bb alignment=\u00bbcenter\u00bb][\/vc_column_inner][\/vc_row_inner][vc_row_inner][vc_column_inner][vc_single_image image=\u00bb1832&#8243; img_size=\u00bblarge\u00bb alignment=\u00bbcenter\u00bb][\/vc_column_inner][\/vc_row_inner]<\/div><\/div>\t\t\t<script type=\"text\/javascript\">\n\t\t\t\tjQuery(document).ready(function ($) {\n\t\t\t\t\tif( typeof jQuery('.ult-carousel-342469435069ef6ef9bc57a').slick == \"function\"){\n\t\t\t\t\t\t$('.ult-carousel-342469435069ef6ef9bc57a').slick({dots: true,autoplay: true,autoplaySpeed: \"5000\",speed: \"300\",infinite: true,arrows: true,nextArrow: '<button type=\"button\" role=\"button\" aria-label=\"Next\" style=\"color:#ffffff; font-size:20px;\" class=\"slick-next default\"><i class=\"ultsl-arrow-right6\"><\/i><\/button>',prevArrow: '<button type=\"button\" role=\"button\" aria-label=\"Previous\" style=\"color:#ffffff; font-size:20px;\" class=\"slick-prev default\"><i class=\"ultsl-arrow-left6\"><\/i><\/button>',slidesToScroll:1,slidesToShow:1,swipe: true,draggable: true,touchMove: true,pauseOnHover: true,pauseOnFocus: false,adaptiveHeight: true,responsive: [\n\t\t\t\t\t\t\t{\n\t\t\t\t\t\t\t  breakpoint: 1026,\n\t\t\t\t\t\t\t  settings: {\n\t\t\t\t\t\t\t\tslidesToShow: 1,\n\t\t\t\t\t\t\t\tslidesToScroll: 1,  \n\t\t\t\t\t\t\t  }\n\t\t\t\t\t\t\t},\n\t\t\t\t\t\t\t{\n\t\t\t\t\t\t\t  breakpoint: 1025,\n\t\t\t\t\t\t\t  settings: {\n\t\t\t\t\t\t\t\tslidesToShow: 1,\n\t\t\t\t\t\t\t\tslidesToScroll: 1\n\t\t\t\t\t\t\t  }\n\t\t\t\t\t\t\t},\n\t\t\t\t\t\t\t{\n\t\t\t\t\t\t\t  breakpoint: 760,\n\t\t\t\t\t\t\t  settings: {\n\t\t\t\t\t\t\t\tslidesToShow: 1,\n\t\t\t\t\t\t\t\tslidesToScroll: 1\n\t\t\t\t\t\t\t  }\n\t\t\t\t\t\t\t}\n\t\t\t\t\t\t],pauseOnDotsHover: true,customPaging: function(slider, i) {\n                   return '<i type=\"button\" style= \"color:#0074bf;\" class=\"ultsl-record\" data-role=\"none\"><\/i>';\n                },});\n\t\t\t\t\t}\n\t\t\t\t});\n\t\t\t<\/script>\n\t\t\t[\/vc_column][\/vc_row][vc_row][vc_column width=\u00bb1\/2&#8243;][vc_column_text el_class=\u00bbchapo\u00bb]<\/p>\n<h2>Trois chambres &amp; deux salles de bain<\/h2>\n<p>[\/vc_column_text]<div id=\"ult-carousel-72990936869ef6ef9bc6c4\" class=\"ult-carousel-wrapper  .home_slider ult_horizontal\" data-gutter=\"15\" data-rtl=\"false\" ><div class=\"ult-carousel-377984378869ef6ef9bc6a4 \" >[vc_row_inner][vc_column_inner][vc_single_image image=\u00bb2048&#8243; img_size=\u00bblarge\u00bb alignment=\u00bbcenter\u00bb][\/vc_column_inner][\/vc_row_inner][vc_row_inner][vc_column_inner][vc_single_image image=\u00bb1982&#8243; img_size=\u00bblarge\u00bb alignment=\u00bbcenter\u00bb][\/vc_column_inner][\/vc_row_inner][vc_row_inner][vc_column_inner][vc_single_image image=\u00bb1836&#8243; img_size=\u00bblarge\u00bb alignment=\u00bbcenter\u00bb][\/vc_column_inner][\/vc_row_inner]<\/div><\/div>\t\t\t<script type=\"text\/javascript\">\n\t\t\t\tjQuery(document).ready(function ($) {\n\t\t\t\t\tif( typeof jQuery('.ult-carousel-377984378869ef6ef9bc6a4').slick == \"function\"){\n\t\t\t\t\t\t$('.ult-carousel-377984378869ef6ef9bc6a4').slick({dots: true,autoplay: true,autoplaySpeed: \"5000\",speed: \"300\",infinite: true,arrows: true,nextArrow: '<button type=\"button\" role=\"button\" aria-label=\"Next\" style=\"color:#ffffff; font-size:20px;\" class=\"slick-next default\"><i class=\"ultsl-arrow-right6\"><\/i><\/button>',prevArrow: '<button type=\"button\" role=\"button\" aria-label=\"Previous\" style=\"color:#ffffff; font-size:20px;\" class=\"slick-prev default\"><i class=\"ultsl-arrow-left6\"><\/i><\/button>',slidesToScroll:1,slidesToShow:1,swipe: true,draggable: true,touchMove: true,pauseOnHover: true,pauseOnFocus: false,adaptiveHeight: true,responsive: [\n\t\t\t\t\t\t\t{\n\t\t\t\t\t\t\t  breakpoint: 1026,\n\t\t\t\t\t\t\t  settings: {\n\t\t\t\t\t\t\t\tslidesToShow: 1,\n\t\t\t\t\t\t\t\tslidesToScroll: 1,  \n\t\t\t\t\t\t\t  }\n\t\t\t\t\t\t\t},\n\t\t\t\t\t\t\t{\n\t\t\t\t\t\t\t  breakpoint: 1025,\n\t\t\t\t\t\t\t  settings: {\n\t\t\t\t\t\t\t\tslidesToShow: 1,\n\t\t\t\t\t\t\t\tslidesToScroll: 1\n\t\t\t\t\t\t\t  }\n\t\t\t\t\t\t\t},\n\t\t\t\t\t\t\t{\n\t\t\t\t\t\t\t  breakpoint: 760,\n\t\t\t\t\t\t\t  settings: {\n\t\t\t\t\t\t\t\tslidesToShow: 1,\n\t\t\t\t\t\t\t\tslidesToScroll: 1\n\t\t\t\t\t\t\t  }\n\t\t\t\t\t\t\t}\n\t\t\t\t\t\t],pauseOnDotsHover: true,customPaging: function(slider, i) {\n                   return '<i type=\"button\" style= \"color:#0074bf;\" class=\"ultsl-record\" data-role=\"none\"><\/i>';\n                },});\n\t\t\t\t\t}\n\t\t\t\t});\n\t\t\t<\/script>\n\t\t\t[vc_column_text el_class=\u00bbchapo\u00bb]<\/p>\n<h2>Piscine chauff\u00e9e et acc\u00e8s plage<\/h2>\n<p>[\/vc_column_text]<div id=\"ult-carousel-321887054069ef6ef9bc756\" class=\"ult-carousel-wrapper  .home_slider ult_horizontal\" data-gutter=\"15\" data-rtl=\"false\" ><div class=\"ult-carousel-91602127669ef6ef9bc739 \" >[vc_row_inner][vc_column_inner][vc_single_image image=\u00bb2234&#8243; img_size=\u00bblarge\u00bb alignment=\u00bbcenter\u00bb css=\u00bb\u00bb][\/vc_column_inner][\/vc_row_inner][vc_row_inner][vc_column_inner][vc_single_image image=\u00bb1838&#8243; img_size=\u00bblarge\u00bb alignment=\u00bbcenter\u00bb][\/vc_column_inner][\/vc_row_inner][vc_row_inner][vc_column_inner][vc_single_image image=\u00bb1839&#8243; img_size=\u00bblarge\u00bb alignment=\u00bbcenter\u00bb][\/vc_column_inner][\/vc_row_inner][vc_row_inner][vc_column_inner][vc_single_image image=\u00bb1998&#8243; img_size=\u00bblarge\u00bb alignment=\u00bbcenter\u00bb][\/vc_column_inner][\/vc_row_inner][vc_row_inner][vc_column_inner][vc_single_image image=\u00bb1989&#8243; img_size=\u00bblarge\u00bb alignment=\u00bbcenter\u00bb][\/vc_column_inner][\/vc_row_inner][vc_row_inner][vc_column_inner][vc_single_image image=\u00bb1995&#8243; img_size=\u00bblarge\u00bb alignment=\u00bbcenter\u00bb][\/vc_column_inner][\/vc_row_inner][vc_row_inner][vc_column_inner][vc_single_image image=\u00bb1841&#8243; img_size=\u00bblarge\u00bb alignment=\u00bbcenter\u00bb][\/vc_column_inner][\/vc_row_inner][vc_row_inner][vc_column_inner][vc_single_image css=\u00bb\u00bb][\/vc_column_inner][\/vc_row_inner][vc_row_inner][vc_column_inner][vc_single_image image=\u00bb2243&#8243; img_size=\u00bblarge\u00bb alignment=\u00bbcenter\u00bb css=\u00bb\u00bb][\/vc_column_inner][\/vc_row_inner][vc_row_inner][vc_column_inner][vc_single_image image=\u00bb2246&#8243; img_size=\u00bblarge\u00bb alignment=\u00bbcenter\u00bb css=\u00bb\u00bb][\/vc_column_inner][\/vc_row_inner][vc_row_inner][vc_column_inner][vc_single_image image=\u00bb2231&#8243; img_size=\u00bblarge\u00bb alignment=\u00bbcenter\u00bb css=\u00bb\u00bb][\/vc_column_inner][\/vc_row_inner][vc_row_inner][vc_column_inner][vc_single_image image=\u00bb2240&#8243; img_size=\u00bblarge\u00bb alignment=\u00bbcenter\u00bb css=\u00bb\u00bb][\/vc_column_inner][\/vc_row_inner]<\/div><\/div>\t\t\t<script type=\"text\/javascript\">\n\t\t\t\tjQuery(document).ready(function ($) {\n\t\t\t\t\tif( typeof jQuery('.ult-carousel-91602127669ef6ef9bc739').slick == \"function\"){\n\t\t\t\t\t\t$('.ult-carousel-91602127669ef6ef9bc739').slick({dots: true,autoplay: true,autoplaySpeed: \"5000\",speed: \"300\",infinite: true,arrows: true,nextArrow: '<button type=\"button\" role=\"button\" aria-label=\"Next\" style=\"color:#ffffff; font-size:20px;\" class=\"slick-next default\"><i class=\"ultsl-arrow-right6\"><\/i><\/button>',prevArrow: '<button type=\"button\" role=\"button\" aria-label=\"Previous\" style=\"color:#ffffff; font-size:20px;\" class=\"slick-prev default\"><i class=\"ultsl-arrow-left6\"><\/i><\/button>',slidesToScroll:1,slidesToShow:1,swipe: true,draggable: true,touchMove: true,pauseOnHover: true,pauseOnFocus: false,adaptiveHeight: true,responsive: [\n\t\t\t\t\t\t\t{\n\t\t\t\t\t\t\t  breakpoint: 1026,\n\t\t\t\t\t\t\t  settings: {\n\t\t\t\t\t\t\t\tslidesToShow: 1,\n\t\t\t\t\t\t\t\tslidesToScroll: 1,  \n\t\t\t\t\t\t\t  }\n\t\t\t\t\t\t\t},\n\t\t\t\t\t\t\t{\n\t\t\t\t\t\t\t  breakpoint: 1025,\n\t\t\t\t\t\t\t  settings: {\n\t\t\t\t\t\t\t\tslidesToShow: 1,\n\t\t\t\t\t\t\t\tslidesToScroll: 1\n\t\t\t\t\t\t\t  }\n\t\t\t\t\t\t\t},\n\t\t\t\t\t\t\t{\n\t\t\t\t\t\t\t  breakpoint: 760,\n\t\t\t\t\t\t\t  settings: {\n\t\t\t\t\t\t\t\tslidesToShow: 1,\n\t\t\t\t\t\t\t\tslidesToScroll: 1\n\t\t\t\t\t\t\t  }\n\t\t\t\t\t\t\t}\n\t\t\t\t\t\t],pauseOnDotsHover: true,customPaging: function(slider, i) {\n                   return '<i type=\"button\" style= \"color:#0074bf;\" class=\"ultsl-record\" data-role=\"none\"><\/i>';\n                },});\n\t\t\t\t\t}\n\t\t\t\t});\n\t\t\t<\/script>\n\t\t\t[\/vc_column][vc_column width=\u00bb1\/2&#8243;][vc_column_text el_class=\u00bbchapo\u00bb]<\/p>\n<h2>Grille des tarifs<\/h2>\n<p>[\/vc_column_text][vc_column_text el_class=\u00bbalign-center\u00bb]Casa Playa est une villa en location \u00e0 l&#8217;ann\u00e9e pour 8 personnes.<\/p>\n<p>Il ne s\u2019agit pas d\u2019un h\u00f4tel, nous n\u2019avons donc pas de tarif standard par nombre de convives ni par chambre.[\/vc_column_text][vc_column_text]<\/p>\n<table>\n<tbody>\n<tr>\n<td>Basse Saison<br \/>\n01er Novembre &#8211; 31 Mars<\/td>\n<td class=\"price\">1510\u20ac \/ semaine<\/td>\n<\/tr>\n<tr>\n<td>Moyenne Saison<br \/>\n01er Avril &#8211; 31 Mai<br \/>\n01er Octobre &#8211; 31 Octobre<\/td>\n<td class=\"price\">2590\u20ac \/ semaine<\/td>\n<\/tr>\n<tr>\n<td>Haute Saison<br \/>\n01er Juin &#8211; 30 Juin<br \/>\n01er Septembre &#8211; 30 Septembre<\/td>\n<td class=\"price\">2950\u20ac \/ semaine<br \/>\nPiscine Chauff\u00e9e<\/td>\n<\/tr>\n<tr>\n<td>Tr\u00e8s Haute Saison<br \/>\n01er Juillet &#8211; 31 Ao\u00fbt<\/td>\n<td class=\"price\">3490 \u20ac \/ semaine<br \/>\nPiscine Chauff\u00e9e<\/td>\n<\/tr>\n<\/tbody>\n<\/table>\n<p>[\/vc_column_text][vc_column_text css=\u00bb\u00bb el_class=\u00bbalign-center\u00bb]La villa peut accueillir jusqu\u2019\u00e0 8 personnes (trois chambres et deux salles de bain). Les draps sont fournis.<\/p>\n<p>Parking sur place et wifi gratuit. Forfait m\u00e9nage fin de s\u00e9jour <strong>250\u20ac<\/strong>.<\/p>\n<p>Animaux accept\u00e9s gratuitement (\u00e0 signaler au propri\u00e9taire).<\/p>\n<p><strong>Pour r\u00e9server ou plus de renseignements, n\u2019h\u00e9sitez pas \u00e0 nous contacter au 04 73 90 19 90.<\/strong>[\/vc_column_text]<div class=\" ubtn-ctn-center \"><a class=\"ubtn-link ult-adjust-bottom-margin ubtn-center ubtn-normal \" href=\"\/contact\/\" ><button type=\"button\" id=\"ubtn-6894\"  class=\"ubtn ult-adjust-bottom-margin ult-responsive ubtn-normal ubtn-no-hover-bg  none  ubtn-center   tooltip-69ef6ef9bc797\"  data-hover=\"#ffffff\" data-border-color=\"\" data-bg=\"#0074bf\" data-hover-bg=\"#004d7f\" data-border-hover=\"\" data-shadow-hover=\"\" data-shadow-click=\"none\" data-shadow=\"\" data-shd-shadow=\"\"  data-ultimate-target='#ubtn-6894'  data-responsive-json-new='{\"font-size\":\"\",\"line-height\":\"\"}'  style=\"font-weight:normal;border:none;background: #0074bf;color: #ffffff;\"><span class=\"ubtn-hover\" style=\"background-color:#004d7f\"><\/span><span class=\"ubtn-data ubtn-text \" >Nous contacter<\/span><\/button><\/a><\/div>[\/vc_column][\/vc_row]<\/p>\n<\/div>","protected":false},"excerpt":{"rendered":"<p>[vc_row][vc_column][vc_column_text el_class=\u00bbchapo\u00bb] Un vaste s\u00e9jour avec vue sur la mer [\/vc_column_text][\/vc_column][\/vc_row][vc_row][vc_column width=\u00bb1\/2&#8243;][vc_column_text el_class=\u00bbchapo\u00bb] Trois chambres &amp; deux salles de bain [\/vc_column_text][vc_column_text el_class=\u00bbchapo\u00bb] Piscine chauff\u00e9e et acc\u00e8s plage [\/vc_column_text][\/vc_column][vc_column width=\u00bb1\/2&#8243;][vc_column_text el_class=\u00bbchapo\u00bb]&#8230;<\/p>\n","protected":false},"author":6,"featured_media":0,"parent":0,"menu_order":0,"comment_status":"closed","ping_status":"closed","template":"page-classic.php","meta":{"footnotes":""},"class_list":["post-1902","page","type-page","status-publish","hentry"],"yoast_head":"<!-- This site is optimized with the Yoast SEO plugin v26.9 - https:\/\/yoast.com\/product\/yoast-seo-wordpress\/ -->\n<title>La Villa Casa Playa - Casa Playa Begur<\/title>\n<meta name=\"robots\" content=\"index, follow, max-snippet:-1, max-image-preview:large, max-video-preview:-1\" \/>\n<link rel=\"canonical\" href=\"https:\/\/www.casaplaya.fr\/es\/la-villa\/\" \/>\n<meta property=\"og:locale\" content=\"es_ES\" \/>\n<meta property=\"og:type\" content=\"article\" \/>\n<meta property=\"og:title\" content=\"La Villa Casa Playa - Casa Playa Begur\" \/>\n<meta property=\"og:description\" content=\"[vc_row][vc_column][vc_column_text el_class=\u00bbchapo\u00bb] Un vaste s\u00e9jour avec vue sur la mer [\/vc_column_text][\/vc_column][\/vc_row][vc_row][vc_column width=\u00bb1\/2&#8243;][vc_column_text el_class=\u00bbchapo\u00bb] Trois chambres &amp; deux salles de bain [\/vc_column_text][vc_column_text el_class=\u00bbchapo\u00bb] Piscine chauff\u00e9e et acc\u00e8s plage [\/vc_column_text][\/vc_column][vc_column width=\u00bb1\/2&#8243;][vc_column_text el_class=\u00bbchapo\u00bb]...\" \/>\n<meta property=\"og:url\" content=\"https:\/\/www.casaplaya.fr\/es\/la-villa\/\" \/>\n<meta property=\"og:site_name\" content=\"Casa Playa Begur\" \/>\n<meta property=\"article:publisher\" content=\"https:\/\/www.facebook.com\/casaplayabegur\/\" \/>\n<meta property=\"article:modified_time\" content=\"2025-07-13T16:07:49+00:00\" \/>\n<meta property=\"og:image\" content=\"https:\/\/www.casaplaya.fr\/wp-content\/uploads\/2019\/02\/logo-casa-playa-pals-footer.png\" \/>\n\t<meta property=\"og:image:width\" content=\"300\" \/>\n\t<meta property=\"og:image:height\" content=\"120\" \/>\n\t<meta property=\"og:image:type\" content=\"image\/png\" \/>\n<meta name=\"twitter:card\" content=\"summary_large_image\" \/>\n<meta name=\"twitter:label1\" content=\"Tiempo de lectura\" \/>\n\t<meta name=\"twitter:data1\" content=\"4 minutos\" \/>\n<script type=\"application\/ld+json\" class=\"yoast-schema-graph\">{\"@context\":\"https:\/\/schema.org\",\"@graph\":[{\"@type\":\"WebPage\",\"@id\":\"https:\/\/www.casaplaya.fr\/es\/la-villa\/\",\"url\":\"https:\/\/www.casaplaya.fr\/es\/la-villa\/\",\"name\":\"La Villa Casa Playa - Casa Playa Begur\",\"isPartOf\":{\"@id\":\"https:\/\/www.casaplaya.fr\/#website\"},\"datePublished\":\"2019-01-16T15:50:20+00:00\",\"dateModified\":\"2025-07-13T16:07:49+00:00\",\"breadcrumb\":{\"@id\":\"https:\/\/www.casaplaya.fr\/es\/la-villa\/#breadcrumb\"},\"inLanguage\":\"es\",\"potentialAction\":[{\"@type\":\"ReadAction\",\"target\":[\"https:\/\/www.casaplaya.fr\/es\/la-villa\/\"]}]},{\"@type\":\"BreadcrumbList\",\"@id\":\"https:\/\/www.casaplaya.fr\/es\/la-villa\/#breadcrumb\",\"itemListElement\":[{\"@type\":\"ListItem\",\"position\":1,\"name\":\"Accueil\",\"item\":\"https:\/\/www.casaplaya.fr\/es\/\"},{\"@type\":\"ListItem\",\"position\":2,\"name\":\"La Villa Casa Playa\"}]},{\"@type\":\"WebSite\",\"@id\":\"https:\/\/www.casaplaya.fr\/#website\",\"url\":\"https:\/\/www.casaplaya.fr\/\",\"name\":\"Casa Playa Begur\",\"description\":\"\",\"potentialAction\":[{\"@type\":\"SearchAction\",\"target\":{\"@type\":\"EntryPoint\",\"urlTemplate\":\"https:\/\/www.casaplaya.fr\/?s={search_term_string}\"},\"query-input\":{\"@type\":\"PropertyValueSpecification\",\"valueRequired\":true,\"valueName\":\"search_term_string\"}}],\"inLanguage\":\"es\"}]}<\/script>\n<!-- \/ Yoast SEO plugin. -->","yoast_head_json":{"title":"La Villa Casa Playa - Casa Playa Begur","robots":{"index":"index","follow":"follow","max-snippet":"max-snippet:-1","max-image-preview":"max-image-preview:large","max-video-preview":"max-video-preview:-1"},"canonical":"https:\/\/www.casaplaya.fr\/es\/la-villa\/","og_locale":"es_ES","og_type":"article","og_title":"La Villa Casa Playa - Casa Playa Begur","og_description":"[vc_row][vc_column][vc_column_text el_class=\u00bbchapo\u00bb] Un vaste s\u00e9jour avec vue sur la mer [\/vc_column_text][\/vc_column][\/vc_row][vc_row][vc_column width=\u00bb1\/2&#8243;][vc_column_text el_class=\u00bbchapo\u00bb] Trois chambres &amp; deux salles de bain [\/vc_column_text][vc_column_text el_class=\u00bbchapo\u00bb] Piscine chauff\u00e9e et acc\u00e8s plage [\/vc_column_text][\/vc_column][vc_column width=\u00bb1\/2&#8243;][vc_column_text el_class=\u00bbchapo\u00bb]...","og_url":"https:\/\/www.casaplaya.fr\/es\/la-villa\/","og_site_name":"Casa Playa Begur","article_publisher":"https:\/\/www.facebook.com\/casaplayabegur\/","article_modified_time":"2025-07-13T16:07:49+00:00","og_image":[{"width":300,"height":120,"url":"https:\/\/www.casaplaya.fr\/wp-content\/uploads\/2019\/02\/logo-casa-playa-pals-footer.png","type":"image\/png"}],"twitter_card":"summary_large_image","twitter_misc":{"Tiempo de lectura":"4 minutos"},"schema":{"@context":"https:\/\/schema.org","@graph":[{"@type":"WebPage","@id":"https:\/\/www.casaplaya.fr\/es\/la-villa\/","url":"https:\/\/www.casaplaya.fr\/es\/la-villa\/","name":"La Villa Casa Playa - Casa Playa Begur","isPartOf":{"@id":"https:\/\/www.casaplaya.fr\/#website"},"datePublished":"2019-01-16T15:50:20+00:00","dateModified":"2025-07-13T16:07:49+00:00","breadcrumb":{"@id":"https:\/\/www.casaplaya.fr\/es\/la-villa\/#breadcrumb"},"inLanguage":"es","potentialAction":[{"@type":"ReadAction","target":["https:\/\/www.casaplaya.fr\/es\/la-villa\/"]}]},{"@type":"BreadcrumbList","@id":"https:\/\/www.casaplaya.fr\/es\/la-villa\/#breadcrumb","itemListElement":[{"@type":"ListItem","position":1,"name":"Accueil","item":"https:\/\/www.casaplaya.fr\/es\/"},{"@type":"ListItem","position":2,"name":"La Villa Casa Playa"}]},{"@type":"WebSite","@id":"https:\/\/www.casaplaya.fr\/#website","url":"https:\/\/www.casaplaya.fr\/","name":"Casa Playa Begur","description":"","potentialAction":[{"@type":"SearchAction","target":{"@type":"EntryPoint","urlTemplate":"https:\/\/www.casaplaya.fr\/?s={search_term_string}"},"query-input":{"@type":"PropertyValueSpecification","valueRequired":true,"valueName":"search_term_string"}}],"inLanguage":"es"}]}},"_links":{"self":[{"href":"https:\/\/www.casaplaya.fr\/es\/wp-json\/wp\/v2\/pages\/1902","targetHints":{"allow":["GET"]}}],"collection":[{"href":"https:\/\/www.casaplaya.fr\/es\/wp-json\/wp\/v2\/pages"}],"about":[{"href":"https:\/\/www.casaplaya.fr\/es\/wp-json\/wp\/v2\/types\/page"}],"author":[{"embeddable":true,"href":"https:\/\/www.casaplaya.fr\/es\/wp-json\/wp\/v2\/users\/6"}],"replies":[{"embeddable":true,"href":"https:\/\/www.casaplaya.fr\/es\/wp-json\/wp\/v2\/comments?post=1902"}],"version-history":[{"count":63,"href":"https:\/\/www.casaplaya.fr\/es\/wp-json\/wp\/v2\/pages\/1902\/revisions"}],"predecessor-version":[{"id":2256,"href":"https:\/\/www.casaplaya.fr\/es\/wp-json\/wp\/v2\/pages\/1902\/revisions\/2256"}],"wp:attachment":[{"href":"https:\/\/www.casaplaya.fr\/es\/wp-json\/wp\/v2\/media?parent=1902"}],"curies":[{"name":"wp","href":"https:\/\/api.w.org\/{rel}","templated":true}]}}