{"id":1648,"date":"2018-06-08T13:02:13","date_gmt":"2018-06-08T11:02:13","guid":{"rendered":"https:\/\/www.casaplaya.fr\/?page_id=1648"},"modified":"2019-02-15T09:37:22","modified_gmt":"2019-02-15T08:37:22","slug":"politique-de-confidentialite","status":"publish","type":"page","link":"https:\/\/www.casaplaya.fr\/es\/politique-de-confidentialite\/","title":{"rendered":"Pol\u00edtica de confidencialidad"},"content":{"rendered":"<div class=\"wpb-content-wrapper\"><p>[vc_row][vc_column width=\u00bb1\/6&#8243;][\/vc_column][vc_column width=\u00bb2\/3&#8243;][vc_column_text el_class=\u00bbchapo\u00bb]<\/p>\n<p class=\"Normal-justifi\" style=\"text-align: center;\">El sitio que visita utiliza trazadores llamados \u00abcookies\u00bb (que en esta versi\u00f3n no son deliciosos pasteles). Por lo tanto, es probable que el sitio acceda a la informaci\u00f3n ya almacenada en su equipo (tel\u00e9fono inteligente, computadora &#8230;) y que ingrese informaci\u00f3n nueva.<\/p>\n<p>[\/vc_column_text][\/vc_column][vc_column width=\u00bb1\/6&#8243;][\/vc_column][\/vc_row][vc_row][vc_column width=\u00bb1\/2&#8243;][vc_column_text el_class=\u00bbstyle contour solide\u00bb]<\/p>\n<h3>Aclaraci\u00f3n del art\u00edculo 30 de la RGPD<\/h3>\n<blockquote>\n<p style=\"text-align: justify;\">Las personas pueden estar asociadas con identificadores [&#8230;] en l\u00ednea como direcciones IP y cookies (\u00abcookies\u00bb) u otros identificadores [&#8230;]. Estos identificadores pueden dejar rastros que, especialmente cuando se combinan con identificadores \u00fanicos y otra informaci\u00f3n recibida por los servidores, se pueden usar para crear perfiles de individuos e identificar a estos individuos.<\/p>\n<\/blockquote>\n<p style=\"text-align: justify;\">Esta informaci\u00f3n refuerza el Art\u00edculo 26, que establece que cualquier informaci\u00f3n que pueda usarse para identificar directa o indirectamente a una persona se considera <strong>informaci\u00f3n personal.<\/strong>.<\/p>\n<p>[\/vc_column_text][vc_column_text]<\/p>\n<p style=\"text-align: justify;\">El Reglamento general de protecci\u00f3n de datos (GDPR), tambi\u00e9n conocido por su acr\u00f3nimo franc\u00e9s RGPD (Reglamento general de protecci\u00f3n de datos) es el nuevo texto de referencia para la protecci\u00f3n de datos a nivel europeo. El reglamento fue publicado en mayo de 2016, despu\u00e9s de muchos a\u00f1os de elaboraci\u00f3n.<\/p>\n<p>[\/vc_column_text][vc_column_text css=\u00bb.vc_custom_1550219628157{background-color: #ffffff !important;}\u00bb]<\/p>\n<p style=\"text-align: justify;\">Para obtener m\u00e1s informaci\u00f3n sobre las cookies y los rastreadores, le invitamos a consultar el sitio web de CNIL : <a href=\"http:\/\/www.cnil.fr\" target=\"_blank\" rel=\"noopener\">http:\/\/www.cnil.fr<\/a>.<\/p>\n<p>[\/vc_column_text][\/vc_column][vc_column width=\u00bb1\/2&#8243; el_class=\u00bbstyle bloc clair\u00bb][vc_column_text]<\/p>\n<h2>Los marcadores utilizados por este sitio se dividen en dos categor\u00edas<\/h2>\n<h3>Trazadores exentos de consentimiento previo<\/h3>\n<p style=\"text-align: justify;\">Usamos estos marcadores para facilitar su navegaci\u00f3n en este sitio, en particular, memorizando sus preferencias de navegaci\u00f3n definidas durante su sesi\u00f3n y brind\u00e1ndole los servicios solicitados (por ejemplo, evita volver a ingresar informaci\u00f3n innecesariamente o obligarlo a volver a conectar todos los 5 minutos). Esta informaci\u00f3n no se utiliza m\u00e1s que en su dispositivo para facilitar su visita a este sitio.<\/p>\n<p style=\"text-align: justify;\">Estos trazadores no se pueden desactivar desde el sitio sin degradar su visita. Sin embargo, puede oponerse al uso de estos plotters configurando su navegador.<\/p>\n<h3>Trazadores sujetos a su previo consentimiento<\/h3>\n<p class=\"Normal-justifi\" style=\"text-align: justify;\">Este sitio utiliza marcadores bajo nuestro control que no recopilan datos personales y otros puestos bajo el control de terceros, como Google, que est\u00e1n sujetos a su consentimiento previo.<\/p>\n<h4>Trazadores bajo control de terceros<\/h4>\n<p style=\"text-align: justify;\">Estos trazadores se utilizan para crear estad\u00edsticas con Google Analytics u otros servicios similares a Youtube en las p\u00e1ginas de Facebook que ofrecen videos o funciones para compartir.<\/p>\n<p style=\"text-align: justify;\">Concretamente, Google analiza su comportamiento, pero puede hacer cruces y proponer archivos con fines de marketing, por ejemplo. \u00c9l no sabe qui\u00e9n es usted si no ha iniciado sesi\u00f3n en una cuenta de Google, pero lo que est\u00e1 visitando o revisando.<\/p>\n<p>[\/vc_column_text][vc_column_text el_class=\u00bbstyle clair\u00bb css=\u00bb.vc_custom_1550219833770{background-color: #ffffff !important;}\u00bb]La siguiente tabla enumera los marcadores bajo el control de terceros que est\u00e1n sujetos a su consentimiento previo.<\/p>\n<table style=\"border-collapse: collapse; width: 100%; text-align: center;\">\n<tbody>\n<tr>\n<td style=\"padding: 10px;\">Google Analytics (gtag.js)<\/td>\n<\/tr>\n<tr>\n<td style=\"padding: 10px;\">Estad\u00edsticas (lo que haces en el sitio)<\/td>\n<\/tr>\n<tr>\n<td style=\"padding: 10px;\">Dep\u00f3sito de cookies y plotters \u00abgoogle\u00bb.<\/td>\n<\/tr>\n<\/tbody>\n<\/table>\n<p>Puede oponerse al uso de estos trazadores mediante las funciones ofrecidas por el sitio (cookie de banner y funci\u00f3n que detalla las cookies utilizadas).[\/vc_column_text][\/vc_column][\/vc_row]<\/p>\n<\/div>","protected":false},"excerpt":{"rendered":"<p>[vc_row][vc_column width=\u00bb1\/6&#8243;][\/vc_column][vc_column width=\u00bb2\/3&#8243;][vc_column_text el_class=\u00bbchapo\u00bb] El sitio que visita utiliza trazadores llamados \u00abcookies\u00bb (que en esta versi\u00f3n no son deliciosos pasteles). Por lo tanto, es probable que el sitio acceda a&#8230;<\/p>\n","protected":false},"author":3,"featured_media":0,"parent":0,"menu_order":0,"comment_status":"closed","ping_status":"closed","template":"page-classic.php","meta":{"footnotes":""},"class_list":["post-1648","page","type-page","status-publish","hentry"],"yoast_head":"<!-- This site is optimized with the Yoast SEO plugin v26.9 - https:\/\/yoast.com\/product\/yoast-seo-wordpress\/ -->\n<title>Pol\u00edtica de confidencialidad - Casa Playa Begur<\/title>\n<meta name=\"robots\" content=\"noindex, follow\" \/>\n<meta property=\"og:locale\" content=\"es_ES\" \/>\n<meta property=\"og:type\" content=\"article\" \/>\n<meta property=\"og:title\" content=\"Pol\u00edtica de confidencialidad - Casa Playa Begur\" \/>\n<meta property=\"og:description\" content=\"[vc_row][vc_column width=\u00bb1\/6&#8243;][\/vc_column][vc_column width=\u00bb2\/3&#8243;][vc_column_text el_class=\u00bbchapo\u00bb] El sitio que visita utiliza trazadores llamados \u00abcookies\u00bb (que en esta versi\u00f3n no son deliciosos pasteles). Por lo tanto, es probable que el sitio acceda a...\" \/>\n<meta property=\"og:url\" content=\"https:\/\/www.casaplaya.fr\/es\/politique-de-confidentialite\/\" \/>\n<meta property=\"og:site_name\" content=\"Casa Playa Begur\" \/>\n<meta property=\"article:publisher\" content=\"https:\/\/www.facebook.com\/casaplayabegur\/\" \/>\n<meta property=\"article:modified_time\" content=\"2019-02-15T08:37:22+00:00\" \/>\n<meta property=\"og:image\" content=\"https:\/\/www.casaplaya.fr\/wp-content\/uploads\/2019\/02\/logo-casa-playa-pals-footer.png\" \/>\n\t<meta property=\"og:image:width\" content=\"300\" \/>\n\t<meta property=\"og:image:height\" content=\"120\" \/>\n\t<meta property=\"og:image:type\" content=\"image\/png\" \/>\n<meta name=\"twitter:card\" content=\"summary_large_image\" \/>\n<meta name=\"twitter:label1\" content=\"Tiempo de lectura\" \/>\n\t<meta name=\"twitter:data1\" content=\"3 minutos\" \/>\n<script type=\"application\/ld+json\" class=\"yoast-schema-graph\">{\"@context\":\"https:\/\/schema.org\",\"@graph\":[{\"@type\":\"WebPage\",\"@id\":\"https:\/\/www.casaplaya.fr\/es\/politique-de-confidentialite\/\",\"url\":\"https:\/\/www.casaplaya.fr\/es\/politique-de-confidentialite\/\",\"name\":\"Pol\u00edtica de confidencialidad - Casa Playa Begur\",\"isPartOf\":{\"@id\":\"https:\/\/www.casaplaya.fr\/#website\"},\"datePublished\":\"2018-06-08T11:02:13+00:00\",\"dateModified\":\"2019-02-15T08:37:22+00:00\",\"breadcrumb\":{\"@id\":\"https:\/\/www.casaplaya.fr\/es\/politique-de-confidentialite\/#breadcrumb\"},\"inLanguage\":\"es\",\"potentialAction\":[{\"@type\":\"ReadAction\",\"target\":[\"https:\/\/www.casaplaya.fr\/es\/politique-de-confidentialite\/\"]}]},{\"@type\":\"BreadcrumbList\",\"@id\":\"https:\/\/www.casaplaya.fr\/es\/politique-de-confidentialite\/#breadcrumb\",\"itemListElement\":[{\"@type\":\"ListItem\",\"position\":1,\"name\":\"Accueil\",\"item\":\"https:\/\/www.casaplaya.fr\/es\/\"},{\"@type\":\"ListItem\",\"position\":2,\"name\":\"Pol\u00edtica de confidencialidad\"}]},{\"@type\":\"WebSite\",\"@id\":\"https:\/\/www.casaplaya.fr\/#website\",\"url\":\"https:\/\/www.casaplaya.fr\/\",\"name\":\"Casa Playa Begur\",\"description\":\"\",\"potentialAction\":[{\"@type\":\"SearchAction\",\"target\":{\"@type\":\"EntryPoint\",\"urlTemplate\":\"https:\/\/www.casaplaya.fr\/?s={search_term_string}\"},\"query-input\":{\"@type\":\"PropertyValueSpecification\",\"valueRequired\":true,\"valueName\":\"search_term_string\"}}],\"inLanguage\":\"es\"}]}<\/script>\n<!-- \/ Yoast SEO plugin. -->","yoast_head_json":{"title":"Pol\u00edtica de confidencialidad - Casa Playa Begur","robots":{"index":"noindex","follow":"follow"},"og_locale":"es_ES","og_type":"article","og_title":"Pol\u00edtica de confidencialidad - Casa Playa Begur","og_description":"[vc_row][vc_column width=\u00bb1\/6&#8243;][\/vc_column][vc_column width=\u00bb2\/3&#8243;][vc_column_text el_class=\u00bbchapo\u00bb] El sitio que visita utiliza trazadores llamados \u00abcookies\u00bb (que en esta versi\u00f3n no son deliciosos pasteles). Por lo tanto, es probable que el sitio acceda a...","og_url":"https:\/\/www.casaplaya.fr\/es\/politique-de-confidentialite\/","og_site_name":"Casa Playa Begur","article_publisher":"https:\/\/www.facebook.com\/casaplayabegur\/","article_modified_time":"2019-02-15T08:37:22+00:00","og_image":[{"width":300,"height":120,"url":"https:\/\/www.casaplaya.fr\/wp-content\/uploads\/2019\/02\/logo-casa-playa-pals-footer.png","type":"image\/png"}],"twitter_card":"summary_large_image","twitter_misc":{"Tiempo de lectura":"3 minutos"},"schema":{"@context":"https:\/\/schema.org","@graph":[{"@type":"WebPage","@id":"https:\/\/www.casaplaya.fr\/es\/politique-de-confidentialite\/","url":"https:\/\/www.casaplaya.fr\/es\/politique-de-confidentialite\/","name":"Pol\u00edtica de confidencialidad - Casa Playa Begur","isPartOf":{"@id":"https:\/\/www.casaplaya.fr\/#website"},"datePublished":"2018-06-08T11:02:13+00:00","dateModified":"2019-02-15T08:37:22+00:00","breadcrumb":{"@id":"https:\/\/www.casaplaya.fr\/es\/politique-de-confidentialite\/#breadcrumb"},"inLanguage":"es","potentialAction":[{"@type":"ReadAction","target":["https:\/\/www.casaplaya.fr\/es\/politique-de-confidentialite\/"]}]},{"@type":"BreadcrumbList","@id":"https:\/\/www.casaplaya.fr\/es\/politique-de-confidentialite\/#breadcrumb","itemListElement":[{"@type":"ListItem","position":1,"name":"Accueil","item":"https:\/\/www.casaplaya.fr\/es\/"},{"@type":"ListItem","position":2,"name":"Pol\u00edtica de confidencialidad"}]},{"@type":"WebSite","@id":"https:\/\/www.casaplaya.fr\/#website","url":"https:\/\/www.casaplaya.fr\/","name":"Casa Playa Begur","description":"","potentialAction":[{"@type":"SearchAction","target":{"@type":"EntryPoint","urlTemplate":"https:\/\/www.casaplaya.fr\/?s={search_term_string}"},"query-input":{"@type":"PropertyValueSpecification","valueRequired":true,"valueName":"search_term_string"}}],"inLanguage":"es"}]}},"_links":{"self":[{"href":"https:\/\/www.casaplaya.fr\/es\/wp-json\/wp\/v2\/pages\/1648","targetHints":{"allow":["GET"]}}],"collection":[{"href":"https:\/\/www.casaplaya.fr\/es\/wp-json\/wp\/v2\/pages"}],"about":[{"href":"https:\/\/www.casaplaya.fr\/es\/wp-json\/wp\/v2\/types\/page"}],"author":[{"embeddable":true,"href":"https:\/\/www.casaplaya.fr\/es\/wp-json\/wp\/v2\/users\/3"}],"replies":[{"embeddable":true,"href":"https:\/\/www.casaplaya.fr\/es\/wp-json\/wp\/v2\/comments?post=1648"}],"version-history":[{"count":5,"href":"https:\/\/www.casaplaya.fr\/es\/wp-json\/wp\/v2\/pages\/1648\/revisions"}],"predecessor-version":[{"id":1938,"href":"https:\/\/www.casaplaya.fr\/es\/wp-json\/wp\/v2\/pages\/1648\/revisions\/1938"}],"wp:attachment":[{"href":"https:\/\/www.casaplaya.fr\/es\/wp-json\/wp\/v2\/media?parent=1648"}],"curies":[{"name":"wp","href":"https:\/\/api.w.org\/{rel}","templated":true}]}}