{"id":1643,"date":"2015-07-20T13:33:17","date_gmt":"2015-07-20T11:33:17","guid":{"rendered":"https:\/\/www.casaplaya.fr\/?page_id=1643"},"modified":"2019-03-20T10:30:34","modified_gmt":"2019-03-20T09:30:34","slug":"notas-legales","status":"publish","type":"page","link":"https:\/\/www.casaplaya.fr\/es\/notas-legales\/","title":{"rendered":"Notas legales"},"content":{"rendered":"<div class=\"wpb-content-wrapper\"><p>[vc_row][vc_column][vc_column_text]<\/p>\n<h2 class=\"ml\">Objeto<\/h2>\n<p>[\/vc_column_text][vc_column_text]Estos T\u00e9rminos y Condiciones est\u00e1n destinados a definir los t\u00e9rminos y condiciones para la prestaci\u00f3n de los servicios del sitio www.casaplaya.fr, en lo sucesivo, \u00abel Servicio\u00bb y las condiciones de uso del Servicio por parte del Usuario.<\/p>\n<p>Cualquier acceso y \/ o uso del sitio www.casaplaya.fr implica la aceptaci\u00f3n y el respeto de todos los t\u00e9rminos de estas Condiciones y su aceptaci\u00f3n incondicional. Por lo tanto, constituyen un contrato entre el Servicio y el Usuario.<\/p>\n<p>En el caso de que el Usuario no desee aceptar la totalidad o parte de las presentes condiciones generales, se le solicita que renuncie a cualquier uso del Servicio.[\/vc_column_text][vc_column_text]<\/p>\n<h2 class=\"ml\">Editor<\/h2>\n<p>[\/vc_column_text][vc_column_text]El sitio web www.casaplaya.fr es publicado por :<\/p>\n<p>Casa Playa Begur<br \/>\nIlla Roja 10B<br \/>\n17255 BEGUR &#8211; GIRONA<br \/>\nFuncionarios : Claire PORTIER y\u00a0Eric PORTIER<br \/>\nContacto : +33 (0)4 73 90 19 90<br \/>\nN\u00famero de SIRET :\u00a049266625000021<br \/>\nIVA intracomunitario : FR62492666250<br \/>\nActividades : 6820B : Alquiler de terrenos y otros inmuebles<br \/>\nDirecci\u00f3n de correo electr\u00f3nico :\u00a0contact@casaplaya.fr[\/vc_column_text][vc_column_text]<\/p>\n<h2 class=\"ml\">Creaci\u00f3n del sitio web :<\/h2>\n<p>[\/vc_column_text][vc_column_text]Scopika \u2013 15 Rue du Pr\u00e9 La Reine<br \/>\n63100 Clermont-Ferrand<br \/>\nAlojar el sitio : Scopika, Clermont-Ferrand, servidor dedicado[\/vc_column_text][vc_column_text]<\/p>\n<h2 class=\"ml\">Definiciones<\/h2>\n<p>[\/vc_column_text][vc_column_text]<em><strong>Usuario<\/strong><\/em> : El usuario es cualquier persona que use el sitio o cualquiera de los servicios ofrecidos en el sitio.<br \/>\n<strong><em>Contenido del usuario<\/em><\/strong> : El t\u00e9rmino \u00abContenido del usuario\u00bb se refiere a los datos transmitidos por el Usuario en las distintas secciones del Sitio.<br \/>\n<strong><em>Miembro<\/em><\/strong> : El t\u00e9rmino \u00abMiembro\u00bb se refiere a un usuario identificado en el sitio.<br \/>\n<strong><em>Login<\/em><\/strong> : El t\u00e9rmino \u00abIdentificador\u00bb cubre la informaci\u00f3n necesaria para identificar a un usuario en el sitio para acceder a las \u00e1reas reservadas para los miembros.<br \/>\n<strong><em>Contrase\u00f1a<\/em> <\/strong>: La \u00abContrase\u00f1a\u00bb es una informaci\u00f3n confidencial, que el usuario debe mantener en secreto, permiti\u00e9ndole, junto con su identificaci\u00f3n, probar la identidad.[\/vc_column_text][vc_column_text]<\/p>\n<h2 class=\"ml\">Acceso al servicio<\/h2>\n<p>[\/vc_column_text][vc_column_text]El Servicio est\u00e1 disponible de forma gratuita para cualquier Usuario que tenga acceso a Internet. Todos los costos relacionados con el acceso al Servicio, ya sean costos de materiales, software o acceso a Internet son responsabilidad exclusiva del usuario. Es el \u00fanico responsable del correcto funcionamiento de su equipo inform\u00e1tico, as\u00ed como de su acceso a Internet.<\/p>\n<p>Algunas secciones del sitio est\u00e1n reservadas para los Miembros despu\u00e9s de la identificaci\u00f3n con su nombre de usuario y contrase\u00f1a.<\/p>\n<p>www.casaplaya.fr se reserva el derecho de denegar el acceso al Servicio, de forma unilateral y sin previo aviso, a cualquier Usuario que no cumpla con estos t\u00e9rminos de uso.<\/p>\n<p>www.casaplaya.fr implementa todos los medios razonables a su disposici\u00f3n para garantizar un acceso de calidad al Servicio, pero no tiene la obligaci\u00f3n de hacerlo.<\/p>\n<p>www.casaplaya.fr no puede, adem\u00e1s, responsabilizarse por cualquier mal funcionamiento de la red o los servidores o cualquier otro evento m\u00e1s all\u00e1 del control razonable, lo que impedir\u00eda o degradar\u00eda el acceso al Servicio.<\/p>\n<p>www.casaplaya.fr se reserva el derecho de interrumpir, suspender temporalmente o modificar sin previo aviso el acceso a todo o parte del Servicio, a fin de mantenerlo, o por cualquier otro motivo, sin interrupci\u00f3n. No da lugar a ninguna obligaci\u00f3n o compensaci\u00f3n.[\/vc_column_text][vc_column_text]<\/p>\n<h2 class=\"ml\">Propiedad intelectual<\/h2>\n<p>[\/vc_column_text][vc_column_text]El sitio web www.casaplaya.fr, incluido su contenido, est\u00e1 protegido por la ley vigente en Francia. www.casaplaya.fr es el propietario exclusivo de todos los derechos de propiedad intelectual sobre el sitio y su contenido (textos, fotograf\u00edas, ilustraciones, im\u00e1genes, logotipos, etc.).<\/p>\n<p>El contenido reproducido en el Sitio es objeto de un copyright y su reproducci\u00f3n o distribuci\u00f3n, sin el permiso expreso por escrito de www.leclache.fr, constituye una infracci\u00f3n punible con sanciones penales.<\/p>\n<p>\u00abWww.casaplaya.fr\u00bb es una marca registrada de www.leclache.fr. Cualquier reproducci\u00f3n no autorizada de estas marcas comerciales, logotipos y signos distintivos constituye una infracci\u00f3n punible con sanciones penales. El delincuente est\u00e1 sujeto a sanciones civiles y penales, incluidas las sanciones previstas en los Art\u00edculos L. 335.2 y L. 343.1 del C\u00f3digo de Propiedad Intelectual.<\/p>\n<p>El Usuario es el \u00fanico responsable del Contenido del Usuario que carga a trav\u00e9s del Servicio, as\u00ed como de los textos y \/ u opiniones que formula. El Usuario transfiere expresa y libremente a www.casaplaya.fr todos los derechos de propiedad intelectual correspondientes y, en particular, el derecho de reproducci\u00f3n, representaci\u00f3n y adaptaci\u00f3n, por el t\u00e9rmino legal de protecci\u00f3n de los derechos de autor. Se compromete, en particular, a que estos datos probablemente no afecten los intereses leg\u00edtimos de terceros en absoluto. Como tal, garantiza a www.casaplaya.fr contra cualquier recurso, basado directa o indirectamente en estos comentarios y \/ o datos, que puedan ser llevados por cualquiera contra www.casaplaya.fr. Se compromete, en particular, a hacerse cargo del pago de sumas, cualquiera que sean, como resultado del recurso de un tercero contra www.casaplaya.fr, incluidos los honorarios legales y los honorarios de los tribunales. .<\/p>\n<p>www.casaplaya.frr se reserva el derecho de eliminar todo o parte del Contenido del usuario, en cualquier momento y por cualquier motivo, sin previo aviso ni justificaci\u00f3n. El Usuario no puede hacer ninguna reclamaci\u00f3n al respecto.[\/vc_column_text][vc_column_text]<\/p>\n<h2 class=\"ml\">Datos personales y procesamiento de datos.<\/h2>\n<p>[\/vc_column_text][vc_column_text]<br \/>\nDe conformidad con el art\u00edculo 34 de la ley \u00abInformatique et Libert\u00e9s\u00bb, el Servicio garantiza al Usuario el derecho a oponerse, acceder y rectificar los datos personales que le conciernen.<\/p>\n<p>La informaci\u00f3n recopilada en los formularios de contacto se almacena en un archivo computarizado para la gesti\u00f3n de las solicitudes de contacto, los beneficios y se limitan a lo estrictamente necesario de acuerdo con las regulaciones europeas (RGPD). Ning\u00fan formulario de datos se transmite a terceros.<br \/>\nSe conservan durante un m\u00e1ximo de un a\u00f1o y est\u00e1n destinados \u00fanicamente a servicios comerciales o t\u00e9cnicos.<\/p>\n<p>De conformidad con la ley \u00abInformatique et Libert\u00e9s\u00bb, puede ejercer su derecho de acceso a los datos que le conciernen y corregirlos o eliminarlos contactando a: contact@casaplaya.fr[\/vc_column_text][vc_column_text]<\/p>\n<h2>Cookies, datos recogidos<\/h2>\n<p>[\/vc_column_text][vc_column_text]Utilizamos diferentes cookies en el sitio para mejorar la interactividad del sitio y nuestros servicios. Los servicios de terceros, como YouTube, Google Analytics, Facebook, que son esenciales para ver ciertos datos o para compilar estad\u00edsticas generales, tambi\u00e9n est\u00e1n sujetos a depositar cookies.<\/p>\n<p>Una \u00abcookie\u00bb es un archivo de tama\u00f1o limitado, generalmente compuesto por letras y n\u00fameros, enviado por el servidor de Internet al archivo de cookies del navegador ubicado en el disco duro de su computadora. Estas cookies tienen diferentes usos: t\u00e9cnicas, estad\u00edsticas &#8230;<\/p>\n<p>Al visitar nuestro sitio, deber\u00e1 aceptar el dep\u00f3sito de estas cookies a trav\u00e9s de una peque\u00f1a funci\u00f3n espec\u00edfica. Actualmente estamos mejorando este script para que pueda elegir servicio por servicio, servicios que acepta cookies o no. Debe comprender que la negativa de ciertas cookies no permitir\u00e1 mostrar correctamente los servicios vinculados.[\/vc_column_text][vc_column_text]<\/p>\n<h2 class=\"ml\">L\u00edmites de responsabilidad<\/h2>\n<p>[\/vc_column_text][vc_column_text]<br \/>\nLa informaci\u00f3n publicada en el sitio web www.casaplaya.fr proviene de fuentes acreditadas. Sin embargo, www.casaplaya.fr no puede garantizar la exactitud o relevancia de estos datos. Adem\u00e1s, la informaci\u00f3n proporcionada en este sitio es solo para fines informativos y no constituye en modo alguno un consejo o una recomendaci\u00f3n de cualquier tipo.<\/p>\n<p>En consecuencia, el uso de la informaci\u00f3n y el contenido disponible en todo el sitio no puede en modo alguno comprometer la responsabilidad de www.casaplaya.fr, por ning\u00fan motivo. El Usuario es el \u00fanico propietario del uso adecuado, con discernimiento y esp\u00edritu, la informaci\u00f3n disponible en el Sitio.<\/p>\n<p>Adem\u00e1s, el usuario acepta indemnizar a www.casaplaya.fr por cualquier consecuencia perjudicial directa o indirectamente relacionada con el uso que haga del Servicio.<\/p>\n<p>El acceso a ciertas secciones del sitio web www.casaplaya.fr requiere el uso de un Identificador y una Contrase\u00f1a. La contrase\u00f1a, elegida por el usuario, es personal y confidencial. El usuario se compromete a mantener su contrase\u00f1a en secreto ya no divulgarla de ninguna forma. El uso de su nombre de usuario y contrase\u00f1a a trav\u00e9s de Internet es un riesgo y riesgo para el usuario. Es responsabilidad del usuario tomar todas las medidas necesarias para proteger sus propios datos contra cualquier infracci\u00f3n.<\/p>\n<p>Sin embargo, www.casaplaya.fr se compromete a establecer todos los medios necesarios para garantizar la seguridad y confidencialidad de los datos transmitidos. Se informa al Usuario que una o m\u00e1s cookies, que no contienen informaci\u00f3n personal, pueden colocarse en su disco duro para asegurar su identificaci\u00f3n.<\/p>\n<p>El Usuario admite conocer las limitaciones y limitaciones espec\u00edficas de la red de Internet y, como tal, reconoce en particular la imposibilidad de una garant\u00eda total de la seguridad de los intercambios de datos. www.casaplaya.fr no puede responsabilizarse por los da\u00f1os que resulten de la transmisi\u00f3n de cualquier informaci\u00f3n, incluido el de su nombre de usuario y \/ o contrase\u00f1a, a trav\u00e9s del Servicio.<\/p>\n<p>www.casaplaya.fr no ser\u00e1 en ning\u00fan caso, dentro de los l\u00edmites de la ley aplicable, responsable por da\u00f1os y \/ o da\u00f1os, directos o indirectos, materiales o inmateriales, o de cualquier naturaleza, que resulten de la falta de disponibilidad del Servicio o cualquier uso del servicio. El t\u00e9rmino \u00abuso\u00bb debe entenderse en sentido amplio, es decir, cualquier uso del sitio, sea l\u00edcito o no.<\/p>\n<p>El Usuario se compromete, de manera general, a respetar todas las regulaciones vigentes en Francia.[\/vc_column_text][vc_column_text]<\/p>\n<h2 class=\"ml\">Enlaces de hipertexto<\/h2>\n<p>[\/vc_column_text][vc_column_text]www.casaplaya.fr ofrece enlaces de hipertexto a sitios web publicados y \/ o administrados por terceros.<\/p>\n<p>En la medida en que no se ejerce ning\u00fan control sobre estos recursos externos, el Usuario reconoce que www.casaplaya.fr no asume ninguna responsabilidad por la provisi\u00f3n de estos recursos, y no puede ser responsable por su contenido.[\/vc_column_text][vc_column_text]<\/p>\n<h2 class=\"ml\">Fuerza mayor<\/h2>\n<p>[\/vc_column_text][vc_column_text]La responsabilidad de www.casaplaya.fr no se puede comprometer en caso de fuerza mayor o hechos fuera de su control.<\/p>\n<p>www.casaplaya.fr se reserva el derecho de modificar los t\u00e9rminos, condiciones y menciones de este contrato en cualquier momento.<\/p>\n<p>Por lo tanto, se recomienda al Usuario que consulte regularmente la \u00faltima versi\u00f3n de las Condiciones de uso disponibles en el sitio www.casaplaya.fr[\/vc_column_text][vc_column_text]<\/p>\n<h2 class=\"ml\">Duraci\u00f3n y terminaci\u00f3n<\/h2>\n<p>[\/vc_column_text][vc_column_text]Este contrato se concluye por un per\u00edodo indefinido a partir del uso del Servicio por parte del Usuario.[\/vc_column_text][vc_column_text]<\/p>\n<h2 class=\"ml\">Ley aplicable y jurisdicci\u00f3n competente<\/h2>\n<p>[\/vc_column_text][vc_column_text]Las normas de derecho, aplicables a las transmisiones de contenido y datos en y alrededor del sitio, est\u00e1n determinadas por la ley francesa. En caso de disputa, al no poder ser objeto de un acuerdo amistoso, solo son competentes los tribunales franceses que son competencia del tribunal de apelaci\u00f3n de Clermont-Ferrand.[\/vc_column_text][\/vc_column][\/vc_row]<\/p>\n<\/div>","protected":false},"excerpt":{"rendered":"<p>[vc_row][vc_column][vc_column_text] Objeto [\/vc_column_text][vc_column_text]Estos T\u00e9rminos y Condiciones est\u00e1n destinados a definir los t\u00e9rminos y condiciones para la prestaci\u00f3n de los servicios del sitio www.casaplaya.fr, en lo sucesivo, \u00abel Servicio\u00bb y las&#8230;<\/p>\n","protected":false},"author":6,"featured_media":0,"parent":0,"menu_order":0,"comment_status":"closed","ping_status":"closed","template":"page-classic.php","meta":{"footnotes":""},"class_list":["post-1643","page","type-page","status-publish","hentry"],"yoast_head":"<!-- This site is optimized with the Yoast SEO plugin v26.9 - https:\/\/yoast.com\/product\/yoast-seo-wordpress\/ -->\n<title>Mentions l\u00e9gales | L&#039;Eclache : g\u00eete 5 \u00e9toiles et 5 \u00e9pis en Auvergne<\/title>\n<meta name=\"description\" content=\"\u00a0Objet\u00a0Les pr\u00e9sentes Conditions G\u00e9n\u00e9rales ont pour objet de d\u00e9finir les modalit\u00e9s de mise \u00e0 disposition des services du site leclache.fr, ci-apr\u00e8s nomm\u00e9 \u00ab le Service \u00bb et les conditions d\u2019utilisation du Service par l\u2019Utilisateur.\u00a0Tout acc\u00e8s etou Utilisation du site leclache.fr suppose l\u2019acceptation et le respect de l\u2019ensemble des termes des pr\u00e9sentes Conditions et leur acceptation inconditionnelle. Elles constituent donc un contrat entre le Service et l\u2019Utilisateur.\" \/>\n<meta name=\"robots\" content=\"noindex, follow\" \/>\n<meta property=\"og:locale\" content=\"es_ES\" \/>\n<meta property=\"og:type\" content=\"article\" \/>\n<meta property=\"og:title\" content=\"Mentions l\u00e9gales | L&#039;Eclache : g\u00eete 5 \u00e9toiles et 5 \u00e9pis en Auvergne\" \/>\n<meta property=\"og:description\" content=\"\u00a0Objet\u00a0Les pr\u00e9sentes Conditions G\u00e9n\u00e9rales ont pour objet de d\u00e9finir les modalit\u00e9s de mise \u00e0 disposition des services du site leclache.fr, ci-apr\u00e8s nomm\u00e9 \u00ab le Service \u00bb et les conditions d\u2019utilisation du Service par l\u2019Utilisateur.\u00a0Tout acc\u00e8s etou Utilisation du site leclache.fr suppose l\u2019acceptation et le respect de l\u2019ensemble des termes des pr\u00e9sentes Conditions et leur acceptation inconditionnelle. Elles constituent donc un contrat entre le Service et l\u2019Utilisateur.\" \/>\n<meta property=\"og:url\" content=\"https:\/\/www.casaplaya.fr\/es\/notas-legales\/\" \/>\n<meta property=\"og:site_name\" content=\"Casa Playa Begur\" \/>\n<meta property=\"article:publisher\" content=\"https:\/\/www.facebook.com\/casaplayabegur\/\" \/>\n<meta property=\"article:modified_time\" content=\"2019-03-20T09:30:34+00:00\" \/>\n<meta property=\"og:image\" content=\"https:\/\/www.casaplaya.fr\/wp-content\/uploads\/2019\/02\/logo-casa-playa-pals-footer.png\" \/>\n\t<meta property=\"og:image:width\" content=\"300\" \/>\n\t<meta property=\"og:image:height\" content=\"120\" \/>\n\t<meta property=\"og:image:type\" content=\"image\/png\" \/>\n<meta name=\"twitter:card\" content=\"summary_large_image\" \/>\n<meta name=\"twitter:label1\" content=\"Tiempo de lectura\" \/>\n\t<meta name=\"twitter:data1\" content=\"10 minutos\" \/>\n<script type=\"application\/ld+json\" class=\"yoast-schema-graph\">{\"@context\":\"https:\/\/schema.org\",\"@graph\":[{\"@type\":\"WebPage\",\"@id\":\"https:\/\/www.casaplaya.fr\/es\/notas-legales\/\",\"url\":\"https:\/\/www.casaplaya.fr\/es\/notas-legales\/\",\"name\":\"Mentions l\u00e9gales | L'Eclache : g\u00eete 5 \u00e9toiles et 5 \u00e9pis en Auvergne\",\"isPartOf\":{\"@id\":\"https:\/\/www.casaplaya.fr\/#website\"},\"datePublished\":\"2015-07-20T11:33:17+00:00\",\"dateModified\":\"2019-03-20T09:30:34+00:00\",\"description\":\"\u00a0Objet\u00a0Les pr\u00e9sentes Conditions G\u00e9n\u00e9rales ont pour objet de d\u00e9finir les modalit\u00e9s de mise \u00e0 disposition des services du site leclache.fr, ci-apr\u00e8s nomm\u00e9 \u00ab le Service \u00bb et les conditions d\u2019utilisation du Service par l\u2019Utilisateur.\u00a0Tout acc\u00e8s etou Utilisation du site leclache.fr suppose l\u2019acceptation et le respect de l\u2019ensemble des termes des pr\u00e9sentes Conditions et leur acceptation inconditionnelle. Elles constituent donc un contrat entre le Service et l\u2019Utilisateur.\",\"breadcrumb\":{\"@id\":\"https:\/\/www.casaplaya.fr\/es\/notas-legales\/#breadcrumb\"},\"inLanguage\":\"es\",\"potentialAction\":[{\"@type\":\"ReadAction\",\"target\":[\"https:\/\/www.casaplaya.fr\/es\/notas-legales\/\"]}]},{\"@type\":\"BreadcrumbList\",\"@id\":\"https:\/\/www.casaplaya.fr\/es\/notas-legales\/#breadcrumb\",\"itemListElement\":[{\"@type\":\"ListItem\",\"position\":1,\"name\":\"Accueil\",\"item\":\"https:\/\/www.casaplaya.fr\/es\/\"},{\"@type\":\"ListItem\",\"position\":2,\"name\":\"Notas legales\"}]},{\"@type\":\"WebSite\",\"@id\":\"https:\/\/www.casaplaya.fr\/#website\",\"url\":\"https:\/\/www.casaplaya.fr\/\",\"name\":\"Casa Playa Begur\",\"description\":\"\",\"potentialAction\":[{\"@type\":\"SearchAction\",\"target\":{\"@type\":\"EntryPoint\",\"urlTemplate\":\"https:\/\/www.casaplaya.fr\/?s={search_term_string}\"},\"query-input\":{\"@type\":\"PropertyValueSpecification\",\"valueRequired\":true,\"valueName\":\"search_term_string\"}}],\"inLanguage\":\"es\"}]}<\/script>\n<!-- \/ Yoast SEO plugin. -->","yoast_head_json":{"title":"Mentions l\u00e9gales | L'Eclache : g\u00eete 5 \u00e9toiles et 5 \u00e9pis en Auvergne","description":"\u00a0Objet\u00a0Les pr\u00e9sentes Conditions G\u00e9n\u00e9rales ont pour objet de d\u00e9finir les modalit\u00e9s de mise \u00e0 disposition des services du site leclache.fr, ci-apr\u00e8s nomm\u00e9 \u00ab le Service \u00bb et les conditions d\u2019utilisation du Service par l\u2019Utilisateur.\u00a0Tout acc\u00e8s etou Utilisation du site leclache.fr suppose l\u2019acceptation et le respect de l\u2019ensemble des termes des pr\u00e9sentes Conditions et leur acceptation inconditionnelle. Elles constituent donc un contrat entre le Service et l\u2019Utilisateur.","robots":{"index":"noindex","follow":"follow"},"og_locale":"es_ES","og_type":"article","og_title":"Mentions l\u00e9gales | L'Eclache : g\u00eete 5 \u00e9toiles et 5 \u00e9pis en Auvergne","og_description":"\u00a0Objet\u00a0Les pr\u00e9sentes Conditions G\u00e9n\u00e9rales ont pour objet de d\u00e9finir les modalit\u00e9s de mise \u00e0 disposition des services du site leclache.fr, ci-apr\u00e8s nomm\u00e9 \u00ab le Service \u00bb et les conditions d\u2019utilisation du Service par l\u2019Utilisateur.\u00a0Tout acc\u00e8s etou Utilisation du site leclache.fr suppose l\u2019acceptation et le respect de l\u2019ensemble des termes des pr\u00e9sentes Conditions et leur acceptation inconditionnelle. Elles constituent donc un contrat entre le Service et l\u2019Utilisateur.","og_url":"https:\/\/www.casaplaya.fr\/es\/notas-legales\/","og_site_name":"Casa Playa Begur","article_publisher":"https:\/\/www.facebook.com\/casaplayabegur\/","article_modified_time":"2019-03-20T09:30:34+00:00","og_image":[{"width":300,"height":120,"url":"https:\/\/www.casaplaya.fr\/wp-content\/uploads\/2019\/02\/logo-casa-playa-pals-footer.png","type":"image\/png"}],"twitter_card":"summary_large_image","twitter_misc":{"Tiempo de lectura":"10 minutos"},"schema":{"@context":"https:\/\/schema.org","@graph":[{"@type":"WebPage","@id":"https:\/\/www.casaplaya.fr\/es\/notas-legales\/","url":"https:\/\/www.casaplaya.fr\/es\/notas-legales\/","name":"Mentions l\u00e9gales | L'Eclache : g\u00eete 5 \u00e9toiles et 5 \u00e9pis en Auvergne","isPartOf":{"@id":"https:\/\/www.casaplaya.fr\/#website"},"datePublished":"2015-07-20T11:33:17+00:00","dateModified":"2019-03-20T09:30:34+00:00","description":"\u00a0Objet\u00a0Les pr\u00e9sentes Conditions G\u00e9n\u00e9rales ont pour objet de d\u00e9finir les modalit\u00e9s de mise \u00e0 disposition des services du site leclache.fr, ci-apr\u00e8s nomm\u00e9 \u00ab le Service \u00bb et les conditions d\u2019utilisation du Service par l\u2019Utilisateur.\u00a0Tout acc\u00e8s etou Utilisation du site leclache.fr suppose l\u2019acceptation et le respect de l\u2019ensemble des termes des pr\u00e9sentes Conditions et leur acceptation inconditionnelle. Elles constituent donc un contrat entre le Service et l\u2019Utilisateur.","breadcrumb":{"@id":"https:\/\/www.casaplaya.fr\/es\/notas-legales\/#breadcrumb"},"inLanguage":"es","potentialAction":[{"@type":"ReadAction","target":["https:\/\/www.casaplaya.fr\/es\/notas-legales\/"]}]},{"@type":"BreadcrumbList","@id":"https:\/\/www.casaplaya.fr\/es\/notas-legales\/#breadcrumb","itemListElement":[{"@type":"ListItem","position":1,"name":"Accueil","item":"https:\/\/www.casaplaya.fr\/es\/"},{"@type":"ListItem","position":2,"name":"Notas legales"}]},{"@type":"WebSite","@id":"https:\/\/www.casaplaya.fr\/#website","url":"https:\/\/www.casaplaya.fr\/","name":"Casa Playa Begur","description":"","potentialAction":[{"@type":"SearchAction","target":{"@type":"EntryPoint","urlTemplate":"https:\/\/www.casaplaya.fr\/?s={search_term_string}"},"query-input":{"@type":"PropertyValueSpecification","valueRequired":true,"valueName":"search_term_string"}}],"inLanguage":"es"}]}},"_links":{"self":[{"href":"https:\/\/www.casaplaya.fr\/es\/wp-json\/wp\/v2\/pages\/1643","targetHints":{"allow":["GET"]}}],"collection":[{"href":"https:\/\/www.casaplaya.fr\/es\/wp-json\/wp\/v2\/pages"}],"about":[{"href":"https:\/\/www.casaplaya.fr\/es\/wp-json\/wp\/v2\/types\/page"}],"author":[{"embeddable":true,"href":"https:\/\/www.casaplaya.fr\/es\/wp-json\/wp\/v2\/users\/6"}],"replies":[{"embeddable":true,"href":"https:\/\/www.casaplaya.fr\/es\/wp-json\/wp\/v2\/comments?post=1643"}],"version-history":[{"count":8,"href":"https:\/\/www.casaplaya.fr\/es\/wp-json\/wp\/v2\/pages\/1643\/revisions"}],"predecessor-version":[{"id":2064,"href":"https:\/\/www.casaplaya.fr\/es\/wp-json\/wp\/v2\/pages\/1643\/revisions\/2064"}],"wp:attachment":[{"href":"https:\/\/www.casaplaya.fr\/es\/wp-json\/wp\/v2\/media?parent=1643"}],"curies":[{"name":"wp","href":"https:\/\/api.w.org\/{rel}","templated":true}]}}